{"id":44,"date":"2020-03-27T10:30:06","date_gmt":"2020-03-27T10:30:06","guid":{"rendered":"http:\/\/k1.arminia-strassburg.de\/?page_id=44"},"modified":"2020-10-06T17:47:32","modified_gmt":"2020-10-06T17:47:32","slug":"referenten-vergangener-vortraege","status":"publish","type":"page","link":"http:\/\/k1.arminia-strassburg.de\/?page_id=44","title":{"rendered":"Referenten vergangener Vortr\u00e4ge"},"content":{"rendered":"\t\t<div data-elementor-type=\"wp-page\" data-elementor-id=\"44\" class=\"elementor elementor-44\" data-elementor-post-type=\"page\">\n\t\t\t\t\t\t<section class=\"elementor-section elementor-top-section elementor-element elementor-element-422b2fe elementor-section-boxed elementor-section-height-default elementor-section-height-default\" data-id=\"422b2fe\" data-element_type=\"section\" data-e-type=\"section\">\n\t\t\t\t\t\t<div class=\"elementor-container elementor-column-gap-default\">\n\t\t\t\t\t<div class=\"elementor-column elementor-col-100 elementor-top-column elementor-element elementor-element-39ade2b2\" data-id=\"39ade2b2\" data-element_type=\"column\" data-e-type=\"column\">\n\t\t\t<div class=\"elementor-widget-wrap elementor-element-populated\">\n\t\t\t\t\t\t<div class=\"elementor-element elementor-element-783ec49 elementor-widget elementor-widget-text-editor\" data-id=\"783ec49\" data-element_type=\"widget\" data-e-type=\"widget\" data-widget_type=\"text-editor.default\">\n\t\t\t\t<div class=\"elementor-widget-container\">\n\t\t\t\t\t\t\t\t\t\n<figure class=\"wp-block-table\"><table><tbody><tr><td>Zu unserem Semesterprogramm geh\u00f6ren regelm\u00e4\u00dfig auch <br><strong>Vortr\u00e4ge<\/strong> zu  geschichtlichen, politischen oder wirtschaftlichen <br>Themen. <br><br>Die  Referenten boten &#8211; vom Wirtschaftsphilosophen bis zum <br>Verfassungsrichter  &#8211; mit ihren Themen immer wieder Anlass zu <br><strong>lebhaften Diskussionen<\/strong>.<br><br> In j\u00fcngster Vergangenheit referierten auf unserem Haus:<\/td><td>&nbsp;<\/td><\/tr><\/tbody><\/table><\/figure>\n\n\n\n<hr class=\"wp-block-separator is-style-wide\"\/>\n\n\n\n<p><strong>Prof. Dr. Werner J. Patzelt  <\/strong><br>Gr\u00fcndungsprofessor  des Dresdner Instituts f\u00fcr  Politikwissenschaft und Lehrstuhlinhaber  f\u00fcr politische Systeme und  vergleichende Politikwissenschaft an der TU  Dresden. <br><br><em>&#8222;Umgang mit Pegida. Wie diskursoffen ist unsere Gesellschaft und repr\u00e4sentative Demokratie?&#8220;  <\/em><\/p>\n\n\n\n<hr class=\"wp-block-separator is-style-wide\"\/>\n\n\n\n<p><strong>Prof. Dr. Franz Brendle <\/strong><br>Historiker f\u00fcr fr\u00fche Neuzeit und Hochschullehrer an der Eberhard Karls Universit\u00e4t T\u00fcbingen. <br><br><em>&#8222;Drei\u00dfigj\u00e4hriger Krieg, Westf\u00e4lischer Frieden und das Elsass&#8220; <\/em> <\/p>\n\n\n\n<hr class=\"wp-block-separator is-style-wide\"\/>\n\n\n\n<p><strong>Dr. Matthias K\u00fcntzel <\/strong> <br>Deutscher  Politikwissenschaftler und Historiker.  Er ist assoziiertes Mitglied  (&#8222;research associate&#8220;) des Vidal Sassoon  International Center for the  Study of Antisemitism (SICSA) der  Hebr\u00e4ischen Universit\u00e4t Jerusalem und  Mitglied im Verband der Historiker  und Historikerinnen Deutschlands. <br><br><em>&#8222;Djihad und Judenhass &#8211; Perspektiven und Zukunft des militanten Islamismus&#8220; <\/em><\/p>\n\n\n\n<hr class=\"wp-block-separator is-style-wide\"\/>\n\n\n\n<p><strong>Dr. Dirk Reitz <\/strong><br>Milit\u00e4rhistoriker, Gesch\u00e4ftsf\u00fchrer des Volksbundes Deutsche Kriegsgr\u00e4berf\u00fcrsorge in Sachsen  <br><br><em>&#8222;Das Epochenjahr 1813 &#8211; milit\u00e4rische und politische Aspekte der Befreiungskriege&#8220; <\/em><\/p>\n\n\n\n<hr class=\"wp-block-separator is-style-wide\"\/>\n\n\n\n<p><strong>Professor Dr. Dr. h.c. Wolfgang Graf Vitzthum  <\/strong><br>Professor em. f\u00fcr \u00d6ffentliches Recht an der Juristischen Fakult\u00e4t der Universit\u00e4t<br>T\u00fcbingen &amp; Vorsitzender der  Stefan George Stiftung <br><em><br>&#8222;Die Br\u00fcder Stauffenberg und der Dichter Stefan George&#8220; <\/em> <\/p>\n\n\n\n<hr class=\"wp-block-separator is-style-wide\"\/>\n\n\n\n<p><strong>Dieter Farwick <\/strong><br>Brigadegeneral a.D.  <br><br><em>&#8222;Deutschlands Rolle in der Welt: Warum die Au\u00dfenpolitik eigene Interessen braucht&#8220; <\/em><\/p>\n\n\n\n<hr class=\"wp-block-separator is-style-wide\"\/>\n\n\n\n<p><strong>Dr. Heimo Schwilk <\/strong><br>Autor und Journalist (Welt am Sonntag) <br><em><br>Autorenlesung &#8222;Ernst J\u00fcnger &#8211; ein Jahrhundertleben&#8220;  <\/em><\/p>\n\n\n\n<hr class=\"wp-block-separator is-style-wide\"\/>\n\n\n\n<p><strong><em>Dr. Rainer D\u00fcrrfeld <\/em><\/strong><br><em><br>&#8222;Vom Lied der Deutschen zur Nationalhymne&#8220;  <\/em><\/p>\n\n\n\n<hr class=\"wp-block-separator is-style-wide\"\/>\n\n\n\n<p><strong>Friedlinde Gurr-Hirsch MdL <\/strong><br>Frauenpolitische Sprecherin und stellv. Vorsitzende der CDU-Fraktion im baden-w\u00fcrttembergischen Landtag <br><br><em>&#8222;Frauenpolitik und M\u00e4nnerb\u00fcnde&#8220;  <\/em><\/p>\n\n\n\n<hr class=\"wp-block-separator is-style-wide\"\/>\n\n\n\n<p><strong>Uwe Oster <\/strong><br>Buchautor, Geschichtsredakteur <br><em><br>&#8222;Friedrich II.: Erster Diener des Staates zwischen Mythos, Militarismus und Philosophie&#8220;<\/em>  <\/p>\n\n\n\n<hr class=\"wp-block-separator is-style-wide\"\/>\n\n\n\n<p><strong>Dr. Harald L\u00f6nnecker <\/strong><br>Historiker, Bundesarchiv Koblenz <br><em><br>&#8222;Das Schwarze Buch und die Demagogenverfolgung unter Metternich&#8220;  <\/em><\/p>\n\n\n\n<hr class=\"wp-block-separator is-style-wide\"\/>\n\n\n\n<p><strong>Professor Dr. med. Ulrich Holz<\/strong> <br>em. \u00c4rztlicher Direktor Unfall- und Wiederherstellungschirurgie, Katharinenhospital Stuttgart <br><em><br>&#8222;Ein Mediziner in der Welt: Unfallchirurgie au\u00dferhalb Europas<\/em>&#8220;  <\/p>\n\n\n\n<hr class=\"wp-block-separator is-style-wide\"\/>\n\n\n\n<p><strong>Dr. Andreas Strohm<\/strong> <br>Physiker, EnBW <br><em><br>&#8222;Die Kernkraft nach Fukushima&#8220;  <\/em><\/p>\n\n\n\n<hr class=\"wp-block-separator is-style-wide\"\/>\n\n\n\n<p><strong>Dr. Detmar Doering <\/strong><br>Leiter des Liberalen Instituts der Friedrich-Naumann-Stiftung <br><em><br>&#8222;Welche Freiheit? Zum Freiheitsbegriff in Deutschland&#8220;  <\/em><\/p>\n\n\n\n<hr class=\"wp-block-separator is-style-wide\"\/>\n\n\n\n<p><strong>J\u00f6rg Schonbohm<\/strong> <br>Innenminister des Landes Brandenburg a.D., Generalleutnant a.D. <br><em><br>&#8222;Die Bundesrepublik Deutschland im zwanzigsten Jahr nach der Wiedervereinigung&#8220; <\/em><\/p>\n\n\n\n<hr class=\"wp-block-separator is-style-wide\"\/>\n\n\n\n<p><strong>Albrecht Sch\u00fctte <\/strong><br>Winzer <br><em><br>&#8222;\u00d6kologischer Weinbau in Rheinhessen&#8220;  <\/em><\/p>\n\n\n\n<hr class=\"wp-block-separator is-style-wide\"\/>\n\n\n\n<p><strong>Martin Schimpf <\/strong><br>Braumeister, Kronenbrauerei Schimpf GmbH <br><br><em>&#8222;David gegen Goliath &#8211; Mittelst\u00e4ndische Brauereien auf dem deutschen Biermarkt&#8220;  <\/em><\/p>\n\n\n\n<hr class=\"wp-block-separator is-style-wide\"\/>\n\n\n\n<p><strong>Dr. med. Reinhard Er\u00f6s <\/strong><br>Oberstarzt a.D., Gr\u00fcnder der Kinderhilfe Afghanistan <br><em><br>&#8222;Unter Taliban, Warlords und Drogenbaronen &#8211; eine deutsche Familie k\u00e4mpft f\u00fcr Afghanistan&#8220;  <\/em><\/p>\n\n\n\n<hr class=\"wp-block-separator is-style-wide\"\/>\n\n\n\n<p><strong>Dr. h.c. Erwin Teufel <\/strong><br>Ministerpr\u00e4sident a.D. <br><em><br>&#8222;Europa in guter Verfassung? &#8211; Die Europ\u00e4ische Union nach dem Lissabon-Vertrag&#8220;  <\/em><\/p>\n\n\n\n<hr class=\"wp-block-separator is-style-wide\"\/>\n\n\n\n<p><strong>Professor Dr. Klaus Hornung <\/strong><br>em. Professor f\u00fcr Politikwissenschaften <br><em><br>&#8222;Wilhelm Groener. Alternativen zu Hitler&#8220;  <\/em><\/p>\n\n\n\n<hr class=\"wp-block-separator is-style-wide\"\/>\n\n\n\n<p><strong>Professor Dr. Siegfried Jenkner <\/strong><br>em. Professor f\u00fcr Politikwissenschaften, ehem. DDR-Oppositioneller und Gulag-H\u00e4ftling <br><br><em>&#8222;Von der Uni in den Gulag &#8211; Opposition, Widerstand und VErfolgung von Studenten in der SBZ&#8220;  <\/em><\/p>\n\n\n\n<hr class=\"wp-block-separator is-style-wide\"\/>\n\n\n\n<p><strong>Dr. Maria M\u00fcller <\/strong><br>Schriftstellerin <br><em><br>&#8222;Carl Ludiwg Sand im 21. Jahrhundert&#8220;<\/em>  <\/p>\n\n\n\n<hr class=\"wp-block-separator is-style-wide\"\/>\n\n\n\n<p><strong>Jan Oerding <\/strong><br>Generalleutnant a.D. <br><br><em>&#8222;Die Bundeswehr in Afghanistan: Warum wir uns (nicht) im Krieg befinden&#8220;  <\/em><\/p>\n\n\n\n<hr class=\"wp-block-separator is-style-wide\"\/>\n\n\n\n<p><strong>Dr. Franz Ludwig Schenk Graf von Stauffenberg <\/strong><br>ehem. MdB, ehem. Mitglied des Europ\u00e4ischen Parlaments <br><em><br>&#8222;Die Europ\u00e4ische Union &#8211; das Volk verloren&#8220;  <\/em><\/p>\n\n\n\n<hr class=\"wp-block-separator is-style-wide\"\/>\n\n\n\n<p><strong>Dr. Michael Wohlgemuth <\/strong><br>Gesch\u00e4ftsf\u00fchrer des Walter-Eucken-Instituts Freiburg <br><em><br>&#8222;Die Idee der Sozialen Marktwirtschaft in der Wirtschaftskrise&#8220; <\/em> <\/p>\n\n\n\n<hr class=\"wp-block-separator is-style-wide\"\/>\n\n\n\n<p><strong>Prof. Dr. Alexander Demandt <\/strong><br>em. Professor f\u00fcr Alte Geschichte <br><em><br>&#8222;2000 Jahre Varusschlacht &#8211; die Geburt der Deutschen?&#8220;  <\/em><\/p>\n\n\n\n<hr class=\"wp-block-separator is-style-wide\"\/>\n\n\n\n<p><strong>Dr. Rolf Sauerzapf <\/strong><br>ev. Pfarrer i.R., Vorsitzender der Hilfsaktion M\u00e4rtyrerkirche <br><em><br>&#8222;Das Christentum &#8211; eine verfolgte Religion?&#8220;  <\/em><\/p>\n\n\n\n<hr class=\"wp-block-separator is-style-wide\"\/>\n\n\n\n<p><strong>G\u00fcnter Ederer <\/strong><br>Wirtschaftspublizist und Fernsehautor <br><br><em>&#8222;Der Klimaschwindel: Staatliche Bevormundung im Namen der Umwelt&#8220;<\/em>  <\/p>\n\n\n\n<hr class=\"wp-block-separator is-style-wide\"\/>\n\n\n\n<p><strong>Dr. Heike Schmoll <\/strong><br>Autorin, F.A.Z.-Redakteurin f\u00fcr das Ressort Schul- und Hochschulpolitik <br><em><br>Autorenlesung: &#8222;Lob der Elite &#8211; Warum wir sie brauchen&#8220;  <\/em><\/p>\n\n\n\n<hr class=\"wp-block-separator is-style-wide\"\/>\n\n\n\n<p><strong>Dr. Michael Rogowski <\/strong><br>ehem. Pr\u00e4sident des BDI, Aufsichtsratsvorsitzender der VOITH AG <br><br><em>&#8222;Zwischen Gewinn und Gewissen: Unternehmensverantwortung in einer globalisierten Welt&#8220;  <\/em><\/p>\n\n\n\n<hr class=\"wp-block-separator is-style-wide\"\/>\n\n\n\n<p><strong>Dr. Ulrich Noll MdL <\/strong><br>Vorsitzender der FDP-Landtagsfraktion <br><em><br>&#8222;Die Zukunft der Sozialsysteme aus liberaler Perspektive&#8220;  <\/em><\/p>\n\n\n\n<hr class=\"wp-block-separator is-style-wide\"\/>\n\n\n\n<p><strong>Professor h.c. Dr. Gerd Habermann <\/strong><br>Wirtschaftsphilosoph, Vorstandsmitglied der Hayek-Gesellschaft <br><br><em>&#8222;Deutsche Geschichte als Geschichte der Freiheit&#8220; <\/em> <\/p>\n\n\n\n<hr class=\"wp-block-separator is-style-wide\"\/>\n\n\n\n<p><strong>Ulrich M\u00fcller MdL<\/strong> <br>Baden-w\u00fcrttembergischer Umwelt- und Verkehrsminister a.D. <br><br><em>&#8222;Ein konservativer Alt-68er erinnert sich: Meine wilden Jahre in T\u00fcbingen&#8220; <\/em> <\/p>\n\n\n\n<hr class=\"wp-block-separator is-style-wide\"\/>\n\n\n\n<p><strong>Hans Jochen Henke <\/strong><br>Generalsekret\u00e4r des Wirtschaftsrats der CDU <br><br><em>&#8222;Bestimmt die Wirtschaft die Politik?&#8220;  <\/em><\/p>\n\n\n\n<hr class=\"wp-block-separator is-style-wide\"\/>\n\n\n\n<p><strong>Gerd Schultze-Rhonhof <\/strong><br>Generalmajor a.D. <br><br><em>&#8222;Der lange Anlauf zum zweiten Weltkrieg&#8220;  <\/em><\/p>\n\n\n\n<hr class=\"wp-block-separator is-style-wide\"\/>\n\n\n\n<p><strong>Dr. Philip Plickert <\/strong><br>F.A.Z.-Redakteur im Wirtschaftsressort <br><br><em>&#8222;Deutsche Wirtschaftspolitik seit 1945 &#8211; zwischen Staat und Markt&#8220;  <\/em><\/p>\n\n\n\n<hr class=\"wp-block-separator is-style-wide\"\/>\n\n\n\n<p><strong>Professor Dr. Hartmut Fr\u00f6schle <\/strong><br><em>Landesvorsitzender des Vereins f\u00fcr Deutsche Kulturbeziehungen im Ausland <br><br>&#8222;Auslandsdeutsche heute&#8220;  <\/em><\/p>\n\n\n\n<hr class=\"wp-block-separator is-style-wide\"\/>\n\n\n\n<p><strong>Eberhard Diepgen <\/strong><br>Regierender B\u00fcrgermeister von Berlin a.D. <br><em><br>&#8222;Deutschland einig Vaterland? Wo bleibt die Wiedervereinigung in den K\u00f6pfen?&#8220;<\/em>  <\/p>\n\n\n\n<hr class=\"wp-block-separator is-style-wide\"\/>\n\n\n\n<p><strong>Wolfgang Templin<\/strong> <br>DDR-B\u00fcrgerrechtler, Publizist<br> <em><br>&#8222;Machenschaften und Manipulationen der Stasi &#8211; ein Opferbericht&#8220;  <\/em><\/p>\n\n\n\n<hr class=\"wp-block-separator is-style-wide\"\/>\n\n\n\n<p><strong>Professor Dr. Konrad L\u00f6w <\/strong><br>Em. Professor f\u00fcr Politikwissenschaft <br><br><em>&#8222;Christlich-j\u00fcdisches Zusammenleben in Deutschland zwischen 1933 und 1945 im Urteil  j\u00fcdischer Zeitzeugen&#8220;  <\/em><\/p>\n\n\n\n<hr class=\"wp-block-separator is-style-wide\"\/>\n\n\n\n<p><strong>Winfried Kretschmann MdL <\/strong><br>Fraktionsvorsitzender der Gr\u00fcnen im baden-w\u00fcrttembergischen Landtag <br><em><br>&#8222;Kehrt die Gesellschaft der Politik den R\u00fccken? Politik-, Politiker- oder Parteienverdrossenheit?&#8220;  <\/em><\/p>\n\n\n\n<hr class=\"wp-block-separator is-style-wide\"\/>\n\n\n\n<p><strong>Professor Dr. Eberhard J\u00fcngel DD <\/strong><br>Professor an der evangelisch-theologischen Fakult\u00e4t der Universit\u00e4t T\u00fcbingen <br><em><br>&#8222;Der Einfluss des Christentums auf die gegenw\u00e4rtige Gesellschaft&#8220;  <\/em><\/p>\n\n\n\n<hr class=\"wp-block-separator is-style-wide\"\/>\n\n\n\n<p><strong>Dr. Philipp Jenninger <\/strong><br>Bundestagspr\u00e4sident a.D., Botschafter a.D. <br><br><em>&#8222;Hinter den Kulissen der Politik &#8211; aus dem Leben eines Politikers und Diplomaten&#8220;  <\/em><\/p>\n\n\n\n<hr class=\"wp-block-separator is-style-wide\"\/>\n\n\n\n<p><strong>Professor Dr. med. Hermann G\u00fcmbel <\/strong><br>Flottenarzt, Leiter der Abteilung Augenheilkunde am Bundeswehrkrankenhaus in Ulm <br><br><em>&#8222;Auslandseins\u00e4tze der Bundeswehr &#8211; ein Erfahrungsbericht&#8220;  <\/em><\/p>\n\n\n\n<hr class=\"wp-block-separator is-style-wide\"\/>\n\n\n\n<p><strong>Professor Dr. Eduard Picker <\/strong><br>Professor f\u00fcr B\u00fcrgerliches Recht an der Juristischen Fakult\u00e4t der Universit\u00e4t T\u00fcbingen <br><br><em>&#8222;Das Antidiskriminierungsgesetz &#8211; Ende der Privatautonomie?&#8220;  <\/em><\/p>\n\n\n\n<hr class=\"wp-block-separator is-style-wide\"\/>\n\n\n\n<p><strong>Dr. Wolfgang Epp <\/strong><br>Hauptgesch\u00e4ftsf\u00fchrer der IHK Neckar-Alb <br><em><br>&#8222;Wirtschaftsstandort Neckar-Alb&#8220;  <\/em><\/p>\n\n\n\n<hr class=\"wp-block-separator is-style-wide\"\/>\n\n\n\n<p><strong>Dr. Gerhard Raff <\/strong><br>Historiker, Schriftsteller <br><em><br>&#8222;W\u00fcrttembergische Landesgeschichte: Vergesset mir die Mechthild nicht &#8211; Mechthild von W\u00fcrttemberg&#8220; <\/em><\/p>\n\n\n\n<hr class=\"wp-block-separator is-style-wide\"\/>\n\n\n\n<p><strong>Dr. Burkard Steppacher <\/strong><br>Politikwissenschaftler, Referent bei der Konrad-Adenauer-Stiftung <br><br><em>&#8222;Stand und Perspektiven der Europ\u00e4ischen Union&#8220; <\/em> <\/p>\n\n\n\n<hr class=\"wp-block-separator is-style-wide\"\/>\n\n\n\n<p><strong>Ernst-Reinhard Beck MdB <\/strong><br>Pr\u00e4sident des Reservistenverbands, seit 2009 verteidigungspolitischer Sprecher der CDU\/CSU-Bundestagsfraktion <br><br><em>&#8222;Die neue Struktur der Bundeswehr und die Rolle der Reservisten&#8220;  <\/em><\/p>\n\n\n\n<hr class=\"wp-block-separator is-style-wide\"\/>\n\n\n\n<p><strong>Professor Dr. Ferdinand Kirchhof <\/strong><br>Professor f\u00fcr \u00d6ffentlichen Recht an der Juristischen Fakult\u00e4t, seit 2010 Vizepr\u00e4sident des Bundesverfassungsgerichts <br><br><em>&#8222;Das Kopftuchsverbotsgesetz f\u00fcr Lehrerinnen in Baden-W\u00fcrttemberg&#8220;  <\/em><\/p>\n\t\t\t\t\t\t\t\t<\/div>\n\t\t\t\t<\/div>\n\t\t\t\t\t<\/div>\n\t\t<\/div>\n\t\t\t\t\t<\/div>\n\t\t<\/section>\n\t\t\t\t<section class=\"elementor-section elementor-top-section elementor-element elementor-element-746a2c1 elementor-section-boxed elementor-section-height-default elementor-section-height-default\" data-id=\"746a2c1\" data-element_type=\"section\" data-e-type=\"section\">\n\t\t\t\t\t\t<div class=\"elementor-container elementor-column-gap-default\">\n\t\t\t\t\t<div class=\"elementor-column elementor-col-100 elementor-top-column elementor-element elementor-element-8285e6d\" data-id=\"8285e6d\" data-element_type=\"column\" data-e-type=\"column\">\n\t\t\t<div class=\"elementor-widget-wrap elementor-element-populated\">\n\t\t\t\t\t\t<div class=\"elementor-element elementor-element-b2046a8 elementor-widget elementor-widget-spacer\" data-id=\"b2046a8\" data-element_type=\"widget\" data-e-type=\"widget\" data-widget_type=\"spacer.default\">\n\t\t\t\t<div class=\"elementor-widget-container\">\n\t\t\t\t\t\t\t<div class=\"elementor-spacer\">\n\t\t\t<div class=\"elementor-spacer-inner\"><\/div>\n\t\t<\/div>\n\t\t\t\t\t\t<\/div>\n\t\t\t\t<\/div>\n\t\t\t\t\t<\/div>\n\t\t<\/div>\n\t\t\t\t\t<\/div>\n\t\t<\/section>\n\t\t\t\t<section class=\"elementor-section elementor-top-section elementor-element elementor-element-c2c72be elementor-section-boxed elementor-section-height-default elementor-section-height-default\" data-id=\"c2c72be\" data-element_type=\"section\" data-e-type=\"section\">\n\t\t\t\t\t\t<div class=\"elementor-container elementor-column-gap-default\">\n\t\t\t\t\t<div class=\"elementor-column elementor-col-100 elementor-top-column elementor-element elementor-element-bcb5b79\" data-id=\"bcb5b79\" data-element_type=\"column\" data-e-type=\"column\">\n\t\t\t<div class=\"elementor-widget-wrap elementor-element-populated\">\n\t\t\t\t\t\t<div class=\"elementor-element elementor-element-bf8a149 elementor-align-center elementor-widget elementor-widget-button\" data-id=\"bf8a149\" data-element_type=\"widget\" data-e-type=\"widget\" data-widget_type=\"button.default\">\n\t\t\t\t<div class=\"elementor-widget-container\">\n\t\t\t\t\t\t\t\t\t<div class=\"elementor-button-wrapper\">\n\t\t\t\t\t<a class=\"elementor-button elementor-button-link elementor-size-sm\" href=\"http:\/\/k1.arminia-strassburg.de\/?page_id=16(\u00f6ffnet%20in%20neuem%20Tab)\" id=\"impressumbutton\">\n\t\t\t\t\t\t<span class=\"elementor-button-content-wrapper\">\n\t\t\t\t\t\t<span class=\"elementor-button-icon\">\n\t\t\t\t<i aria-hidden=\"true\" class=\"fas fa-landmark\"><\/i>\t\t\t<\/span>\n\t\t\t\t\t\t\t\t\t<span class=\"elementor-button-text\">Impressum<\/span>\n\t\t\t\t\t<\/span>\n\t\t\t\t\t<\/a>\n\t\t\t\t<\/div>\n\t\t\t\t\t\t\t\t<\/div>\n\t\t\t\t<\/div>\n\t\t\t\t\t<\/div>\n\t\t<\/div>\n\t\t\t\t\t<\/div>\n\t\t<\/section>\n\t\t\t\t<\/div>\n\t\t","protected":false},"excerpt":{"rendered":"<p>Zu unserem Semesterprogramm geh\u00f6ren regelm\u00e4\u00dfig auch Vortr\u00e4ge zu geschichtlichen, politischen oder wirtschaftlichen Themen. Die Referenten boten &#8211; vom Wirtschaftsphilosophen bis zum Verfassungsrichter &#8211; mit ihren Themen immer wieder Anlass zu lebhaften Diskussionen. In j\u00fcngster Vergangenheit referierten auf unserem Haus: &nbsp; Prof. Dr. Werner J. Patzelt Gr\u00fcndungsprofessor des Dresdner Instituts f\u00fcr Politikwissenschaft und Lehrstuhlinhaber f\u00fcr politische &hellip; <\/p>\n<p class=\"link-more\"><a href=\"http:\/\/k1.arminia-strassburg.de\/?page_id=44\" class=\"more-link\"><span class=\"screen-reader-text\">\u201eReferenten vergangener Vortr\u00e4ge\u201c<\/span> weiterlesen<\/a><\/p>\n","protected":false},"author":1,"featured_media":0,"parent":216,"menu_order":0,"comment_status":"closed","ping_status":"closed","template":"","meta":{"footnotes":""},"class_list":["post-44","page","type-page","status-publish","hentry"],"_links":{"self":[{"href":"http:\/\/k1.arminia-strassburg.de\/index.php?rest_route=\/wp\/v2\/pages\/44","targetHints":{"allow":["GET"]}}],"collection":[{"href":"http:\/\/k1.arminia-strassburg.de\/index.php?rest_route=\/wp\/v2\/pages"}],"about":[{"href":"http:\/\/k1.arminia-strassburg.de\/index.php?rest_route=\/wp\/v2\/types\/page"}],"author":[{"embeddable":true,"href":"http:\/\/k1.arminia-strassburg.de\/index.php?rest_route=\/wp\/v2\/users\/1"}],"replies":[{"embeddable":true,"href":"http:\/\/k1.arminia-strassburg.de\/index.php?rest_route=%2Fwp%2Fv2%2Fcomments&post=44"}],"version-history":[{"count":22,"href":"http:\/\/k1.arminia-strassburg.de\/index.php?rest_route=\/wp\/v2\/pages\/44\/revisions"}],"predecessor-version":[{"id":1415,"href":"http:\/\/k1.arminia-strassburg.de\/index.php?rest_route=\/wp\/v2\/pages\/44\/revisions\/1415"}],"up":[{"embeddable":true,"href":"http:\/\/k1.arminia-strassburg.de\/index.php?rest_route=\/wp\/v2\/pages\/216"}],"wp:attachment":[{"href":"http:\/\/k1.arminia-strassburg.de\/index.php?rest_route=%2Fwp%2Fv2%2Fmedia&parent=44"}],"curies":[{"name":"wp","href":"https:\/\/api.w.org\/{rel}","templated":true}]}}