{"id":406,"date":"2020-04-16T09:45:15","date_gmt":"2020-04-16T09:45:15","guid":{"rendered":"http:\/\/k1.arminia-strassburg.de\/?page_id=406"},"modified":"2020-10-06T17:31:03","modified_gmt":"2020-10-06T17:31:03","slug":"elementor-406","status":"publish","type":"page","link":"http:\/\/k1.arminia-strassburg.de\/?page_id=406","title":{"rendered":"Verbindungen"},"content":{"rendered":"\t\t<div data-elementor-type=\"wp-page\" data-elementor-id=\"406\" class=\"elementor elementor-406\" data-elementor-post-type=\"page\">\n\t\t\t\t\t\t<section class=\"elementor-section elementor-top-section elementor-element elementor-element-63a053f elementor-section-boxed elementor-section-height-default elementor-section-height-default\" data-id=\"63a053f\" data-element_type=\"section\" data-e-type=\"section\">\n\t\t\t\t\t\t<div class=\"elementor-container elementor-column-gap-default\">\n\t\t\t\t\t<div class=\"elementor-column elementor-col-100 elementor-top-column elementor-element elementor-element-e63c96c\" data-id=\"e63c96c\" data-element_type=\"column\" data-e-type=\"column\">\n\t\t\t<div class=\"elementor-widget-wrap elementor-element-populated\">\n\t\t\t\t\t\t<div class=\"elementor-element elementor-element-c6cb448 elementor-widget elementor-widget-text-editor\" data-id=\"c6cb448\" data-element_type=\"widget\" data-e-type=\"widget\" data-widget_type=\"text-editor.default\">\n\t\t\t\t<div class=\"elementor-widget-container\">\n\t\t\t\t\t\t\t\t\t<p>Eine Studentenverbindung (auch Korporation) ist im deutschen Sprachraum ein Verein von Studenten und Alten Herren (Ausstudierte Mitglieder) an einem Hochschulort, der Brauchtum und gewachsene Tradition pflegt. Sie sind nicht mit den amerikanischen Fraternities zu verwechseln, die wir aus Filmen kennen. International bestehen heute \u00fcber 1600 Studentenverbindungen nach dem typisch deutschen Ursprung. Sie sind in rund 30 Korporationsverb\u00e4nden (Dachverb\u00e4nden) organisiert und unterscheiden sich sehr stark voneinander. Die meisten Verbindungen haben jedoch eines gemeinsam: Das Lebensbundprinzip und die demokratische Form des Conventes (Mitgliederversammlung).<\/p>\t\t\t\t\t\t\t\t<\/div>\n\t\t\t\t<\/div>\n\t\t\t\t\t<\/div>\n\t\t<\/div>\n\t\t\t\t\t<\/div>\n\t\t<\/section>\n\t\t\t\t<section class=\"elementor-section elementor-top-section elementor-element elementor-element-6b894cc elementor-section-boxed elementor-section-height-default elementor-section-height-default\" data-id=\"6b894cc\" data-element_type=\"section\" data-e-type=\"section\">\n\t\t\t\t\t\t<div class=\"elementor-container elementor-column-gap-default\">\n\t\t\t\t\t<div class=\"elementor-column elementor-col-100 elementor-top-column elementor-element elementor-element-bfd3163\" data-id=\"bfd3163\" data-element_type=\"column\" data-e-type=\"column\">\n\t\t\t<div class=\"elementor-widget-wrap elementor-element-populated\">\n\t\t\t\t\t\t<div class=\"elementor-element elementor-element-d025bc0 elementor-widget elementor-widget-toggle\" data-id=\"d025bc0\" data-element_type=\"widget\" data-e-type=\"widget\" data-widget_type=\"toggle.default\">\n\t\t\t\t<div class=\"elementor-widget-container\">\n\t\t\t\t\t\t\t<div class=\"elementor-toggle\">\n\t\t\t\t\t\t\t<div class=\"elementor-toggle-item\">\n\t\t\t\t\t<div id=\"elementor-tab-title-2181\" class=\"elementor-tab-title\" data-tab=\"1\" role=\"button\" aria-controls=\"elementor-tab-content-2181\" aria-expanded=\"false\">\n\t\t\t\t\t\t\t\t\t\t\t\t<span class=\"elementor-toggle-icon elementor-toggle-icon-left\" aria-hidden=\"true\">\n\t\t\t\t\t\t\t\t\t\t\t\t\t\t\t<span class=\"elementor-toggle-icon-closed\"><i class=\"fas fa-caret-right\"><\/i><\/span>\n\t\t\t\t\t\t\t\t<span class=\"elementor-toggle-icon-opened\"><i class=\"elementor-toggle-icon-opened fas fa-caret-up\"><\/i><\/span>\n\t\t\t\t\t\t\t\t\t\t\t\t\t<\/span>\n\t\t\t\t\t\t\t\t\t\t\t\t<a class=\"elementor-toggle-title\" tabindex=\"0\">T\u00fcbingen als Ort traditioneller Studentenverbindungen<\/a>\n\t\t\t\t\t<\/div>\n\n\t\t\t\t\t<div id=\"elementor-tab-content-2181\" class=\"elementor-tab-content elementor-clearfix\" data-tab=\"1\" role=\"region\" aria-labelledby=\"elementor-tab-title-2181\"><p>In T\u00fcbingen gab es schon seit der ersten H\u00e4lfte des 17. Jahrhunderts Studentenvereinigungen. Diese waren territorial gebunden. Es gr\u00fcndeten sich die Vereinigungen durch Studenten, die aus einem gleichen Gebiet oder Land des Heiligen R\u00f6mischen Reiches kamen, um sich in T\u00fcbingen gegenseitig zu unterst\u00fctzen und sich zu verteidigen. In diesen Vereinigungen war man jedoch nur im Laufe seines Studiums Mitglied. Die \u201ealten\u201d Landsmannschaften, wie sie gemeint wurden waren die Vorl\u00e4ufer der heutigen Verbindungen.<\/p>\n<p>Ende des 18. und Anfang des 19. Jahrhunderts gr\u00fcndeten sich die \u201eneuen\u201d Studentenverbindungen. Nun war man Mitglied auf Lebenszeit und unterst\u00fctzte sich auch nach dem Studium gegenseitig.<\/p>\n<p>Die \u00e4ltesten bestehenden Verbindungen in T\u00fcbingen sind die Burschenschaft Germania und die Landsmannschaft Ulmia. Diese wurden Anfang des 19. Jahrhunderts gegr\u00fcndet.<\/p>\n<p>Heute gibt es in T\u00fcbingen 34 Studentenverbindungen unterschiedlichster Form. Sie halten einen engen Kontakt untereinander und pflegen \u00e4hnliche Traditionen.<\/p><\/div>\n\t\t\t\t<\/div>\n\t\t\t\t\t\t\t<div class=\"elementor-toggle-item\">\n\t\t\t\t\t<div id=\"elementor-tab-title-2182\" class=\"elementor-tab-title\" data-tab=\"2\" role=\"button\" aria-controls=\"elementor-tab-content-2182\" aria-expanded=\"false\">\n\t\t\t\t\t\t\t\t\t\t\t\t<span class=\"elementor-toggle-icon elementor-toggle-icon-left\" aria-hidden=\"true\">\n\t\t\t\t\t\t\t\t\t\t\t\t\t\t\t<span class=\"elementor-toggle-icon-closed\"><i class=\"fas fa-caret-right\"><\/i><\/span>\n\t\t\t\t\t\t\t\t<span class=\"elementor-toggle-icon-opened\"><i class=\"elementor-toggle-icon-opened fas fa-caret-up\"><\/i><\/span>\n\t\t\t\t\t\t\t\t\t\t\t\t\t<\/span>\n\t\t\t\t\t\t\t\t\t\t\t\t<a class=\"elementor-toggle-title\" tabindex=\"0\">Verbindungsarten - wie lassen sie sich unterscheiden?<\/a>\n\t\t\t\t\t<\/div>\n\n\t\t\t\t\t<div id=\"elementor-tab-content-2182\" class=\"elementor-tab-content elementor-clearfix\" data-tab=\"2\" role=\"region\" aria-labelledby=\"elementor-tab-title-2182\"><p>Es gibt viele verschiedene Verbindungsarten. Sie unterscheiden sich in vielerlei Hinsicht. Nicht nur die einzelnen Arten unterscheiden sich, sondern auch die Verbindungen gleicher Art. Eine pauschale Charakterisierung der Verbindungen l\u00e4sst sich daher nicht anfertigen.<\/p>\n<p>Die \u201eneuen\u201d&nbsp;<b>Landsmannschaften<\/b> sind eine Verbindungsart, die sich der Unterst\u00fctzung ihrer Mitglieder im Studium verschrieben haben. Der gr\u00f6\u00dfte Teil der Landsmannschaften ist Mitglied im Dachverband des Coburger Convent (CC) und pflegt das studentische Fechten. Sie haben zwei Pflichtpartien. Die Landsmannschaften sind unpolitisch und konfessionell ungebunden. Sie sind meist nach dem Herkunftsort ihrer Gr\u00fcndungsburschen benannt: Rhenania (Rheinland), Franconia (Franken), etc. Bekannte Vertreter: G\u00fcnther Oettinger, Thomas Strobl, Hugo Junkers, Ernst Zimmermann, Otto Bayer und viele weitere.<\/p>\n<p>Die <b>Corps<\/b> sind eine Verbindungsart, die den Landsmannschaften sehr \u00e4hnelt. Entstanden jedoch urspr\u00fcnglich, im Gegensatz zu den Landsmannschaften aus dem Adel. Der Name kommt vom Begriff Korporation. Wie die Landsmannschaften gaben sich die Coprs lateinische Namen, die sich auf das Herkunftsland ihrer Mitglieder bezogen: Borussia, Bavaria, Saxonia, Guestphalia, &#8230; Sie sind schlagend und organisieren sich in Senioren-Conventen. Die zwei wichtigsten Dachverb\u00e4nde sind der K\u00f6sener-Senioren-Conventsverband (KSCV) und der Weinheimer-Senioren-Conventsverband (WSCV). Bekannte Vertreter: Kaiser Wilhelm II, Gro\u00dfherzog Friedrich II von Baden, Otto von Bismark, Alois Alzheimer, Justus von Liebig, Gottlieb Daimler, Friedrich Bayer, Hanns Martin Schleyer, Robert Schuhmann, Heinrich Heine und viele mehr.&nbsp;<\/p>\n<p><b>Burschenschaften<\/b> sind eine Verbindungsart, die sich aus Landsmannschaften 1815 in Jena gr\u00fcndeten. Sie streben nach Demokratie und der Einheit Deutschlands und sind daher im Gegensatz zu den anderen Verbindungsarten politisch. Jedoch sind sie parteipolitisch und konfessionell ungebunden. Meinungsfreiheit wird gro\u00df geschrieben. Der Begriff Burschenschaft kommt von dem Wort Bursa (Treffpunkt der Studenten im Mittelalter) und dem Wort Bursch (Begriff f\u00fcr Student). Bei Burschenschaften gibt es sowohl schlagenden als auch nicht schlagende B\u00fcnde. Die meisten sind jedoch pflichtschlagend. Organisiert sind sie in Dachverb\u00e4nden, wie die ADB (Allgemeine Deutsche Burschenschaft), DB (Deutsche Burschenschaft) oder NDB (Neue Deutsche Burschenschaft). Unsere Arminia ist jedoch dachverbandsungebunden. Die Burschenschaften haben viele wichtige Pers\u00f6nlichkeiten hervorgebracht:<\/p>\n<p><b><u><i><a href=\"http:\/\/k1.arminia-strassburg.de\/?page_id=691\">Liste wichtiger Burschenschafter<\/a><\/i><\/u><\/b><\/p>\n<p><b>Turnerschaften<\/b> \u00e4hneln den Landsmannschaften. Sie haben jedoch durch ihre Tradition die Ausrichtung eine Sportverbindung zu sein. Dies ist das Hauptunterscheidungsmerkmal zwischen der Landsmannschaft und der Turnerschaft. Viele Turnerschaften engagieren sich ebenfalls im CC (Coburger Convent). Dieser Teil ist auch pflichtschlagend. Es gibt jedoch auch fakultativ schlagende Turnerschaften, die dachverbandsungebunden sind.<\/p>\n<p>Eine weitere Form ist die <b>S\u00e4ngerschaft<\/b>. Sie machen sich das Singen von alten Studentenliedern und das Dichten zur Hauptaufgabe. Viele sind im Dachverband der Deutschen S\u00e4ngerschaft (DS). Bei den restlichen Merkmalen unterscheiden sie sich kaum von den anderen Studentenverbindungen.<\/p>\n<p>Es gibt nat\u00fcrlich noch viele weitere Arten von Studentenverbindungen. Diese unterscheiden sich dadurch, dass sie rein Christlich, Katholisch, Dichtend, schlagend, nicht-schlagend, farbentragend, nicht-farbentragend, Frauenverbindungen, M\u00e4nnerverbindungen, gemischt, sportlich, politisch, unpolitisch oder rein-akademisch sind.<\/p><\/div>\n\t\t\t\t<\/div>\n\t\t\t\t\t\t\t<div class=\"elementor-toggle-item\">\n\t\t\t\t\t<div id=\"elementor-tab-title-2183\" class=\"elementor-tab-title\" data-tab=\"3\" role=\"button\" aria-controls=\"elementor-tab-content-2183\" aria-expanded=\"false\">\n\t\t\t\t\t\t\t\t\t\t\t\t<span class=\"elementor-toggle-icon elementor-toggle-icon-left\" aria-hidden=\"true\">\n\t\t\t\t\t\t\t\t\t\t\t\t\t\t\t<span class=\"elementor-toggle-icon-closed\"><i class=\"fas fa-caret-right\"><\/i><\/span>\n\t\t\t\t\t\t\t\t<span class=\"elementor-toggle-icon-opened\"><i class=\"elementor-toggle-icon-opened fas fa-caret-up\"><\/i><\/span>\n\t\t\t\t\t\t\t\t\t\t\t\t\t<\/span>\n\t\t\t\t\t\t\t\t\t\t\t\t<a class=\"elementor-toggle-title\" tabindex=\"0\">Unsere Beziehung zu anderen Verbindungen<\/a>\n\t\t\t\t\t<\/div>\n\n\t\t\t\t\t<div id=\"elementor-tab-content-2183\" class=\"elementor-tab-content elementor-clearfix\" data-tab=\"3\" role=\"region\" aria-labelledby=\"elementor-tab-title-2183\"><p>Die Studentenverbindungen pflegen untereinander unterschiedlichste Verh\u00e4ltnisse. Die schlagenden Verbindungen haben ein sehr enges Verh\u00e4ltnis untereinander, da sie gegenseitig Partien stellen und somit die gleiche Tradition leben. Aber auch zu den anderen Verbindungen haben wir ein sehr gutes Verh\u00e4ltnis. Es gibt immer wieder gegenseitige Besuche auf Feiern oder einfach nur beim sogenannten Bummeln (Besuch bei einer anderen Verbindung). Dadurch entstehen oft auch Freundschaften zu anderen Verbindungsstudenten.<\/p><\/div>\n\t\t\t\t<\/div>\n\t\t\t\t\t\t\t\t<\/div>\n\t\t\t\t\t\t<\/div>\n\t\t\t\t<\/div>\n\t\t\t\t\t<\/div>\n\t\t<\/div>\n\t\t\t\t\t<\/div>\n\t\t<\/section>\n\t\t\t\t<section class=\"elementor-section elementor-top-section elementor-element elementor-element-7e19c26 elementor-section-boxed elementor-section-height-default elementor-section-height-default\" data-id=\"7e19c26\" data-element_type=\"section\" data-e-type=\"section\">\n\t\t\t\t\t\t<div class=\"elementor-container elementor-column-gap-default\">\n\t\t\t\t\t<div class=\"elementor-column elementor-col-33 elementor-top-column elementor-element elementor-element-49db82f\" data-id=\"49db82f\" data-element_type=\"column\" data-e-type=\"column\">\n\t\t\t<div class=\"elementor-widget-wrap elementor-element-populated\">\n\t\t\t\t\t\t<div class=\"elementor-element elementor-element-0327782 elementor-widget elementor-widget-button\" data-id=\"0327782\" data-element_type=\"widget\" data-e-type=\"widget\" data-widget_type=\"button.default\">\n\t\t\t\t<div class=\"elementor-widget-container\">\n\t\t\t\t\t\t\t\t\t<div class=\"elementor-button-wrapper\">\n\t\t\t\t\t<a class=\"elementor-button elementor-button-link elementor-size-sm\" href=\"http:\/\/k1.arminia-strassburg.de\/?page_id=11\">\n\t\t\t\t\t\t<span class=\"elementor-button-content-wrapper\">\n\t\t\t\t\t\t\t\t\t<span class=\"elementor-button-text\">ZUR\u00dcCK ZU VERBINDUNGS-LEBEN<\/span>\n\t\t\t\t\t<\/span>\n\t\t\t\t\t<\/a>\n\t\t\t\t<\/div>\n\t\t\t\t\t\t\t\t<\/div>\n\t\t\t\t<\/div>\n\t\t\t\t\t<\/div>\n\t\t<\/div>\n\t\t\t\t<div class=\"elementor-column elementor-col-33 elementor-top-column elementor-element elementor-element-3a57542\" data-id=\"3a57542\" data-element_type=\"column\" data-e-type=\"column\">\n\t\t\t<div class=\"elementor-widget-wrap elementor-element-populated\">\n\t\t\t\t\t\t<div class=\"elementor-element elementor-element-1012463 elementor-widget elementor-widget-button\" data-id=\"1012463\" data-element_type=\"widget\" data-e-type=\"widget\" data-widget_type=\"button.default\">\n\t\t\t\t<div class=\"elementor-widget-container\">\n\t\t\t\t\t\t\t\t\t<div class=\"elementor-button-wrapper\">\n\t\t\t\t\t<a class=\"elementor-button elementor-button-link elementor-size-sm\" href=\"http:\/\/k1.arminia-strassburg.de\/?page_id=33%20\">\n\t\t\t\t\t\t<span class=\"elementor-button-content-wrapper\">\n\t\t\t\t\t\t\t\t\t<span class=\"elementor-button-text\">MEHR ZU UNSERER GESCHICHTE<\/span>\n\t\t\t\t\t<\/span>\n\t\t\t\t\t<\/a>\n\t\t\t\t<\/div>\n\t\t\t\t\t\t\t\t<\/div>\n\t\t\t\t<\/div>\n\t\t\t\t\t<\/div>\n\t\t<\/div>\n\t\t\t\t<div class=\"elementor-column elementor-col-33 elementor-top-column elementor-element elementor-element-02a4325\" data-id=\"02a4325\" data-element_type=\"column\" data-e-type=\"column\">\n\t\t\t<div class=\"elementor-widget-wrap elementor-element-populated\">\n\t\t\t\t\t\t<div class=\"elementor-element elementor-element-dc1592e elementor-widget elementor-widget-button\" data-id=\"dc1592e\" data-element_type=\"widget\" data-e-type=\"widget\" data-widget_type=\"button.default\">\n\t\t\t\t<div class=\"elementor-widget-container\">\n\t\t\t\t\t\t\t\t\t<div class=\"elementor-button-wrapper\">\n\t\t\t\t\t<a class=\"elementor-button elementor-button-link elementor-size-sm\" href=\"http:\/\/k1.arminia-strassburg.de\/?page_id=64\">\n\t\t\t\t\t\t<span class=\"elementor-button-content-wrapper\">\n\t\t\t\t\t\t\t\t\t<span class=\"elementor-button-text\">MEHR ZU UNSEREM AKTIVENLEBEN<\/span>\n\t\t\t\t\t<\/span>\n\t\t\t\t\t<\/a>\n\t\t\t\t<\/div>\n\t\t\t\t\t\t\t\t<\/div>\n\t\t\t\t<\/div>\n\t\t\t\t\t<\/div>\n\t\t<\/div>\n\t\t\t\t\t<\/div>\n\t\t<\/section>\n\t\t\t\t<section class=\"elementor-section elementor-top-section elementor-element elementor-element-393a2dd elementor-section-boxed elementor-section-height-default elementor-section-height-default\" data-id=\"393a2dd\" data-element_type=\"section\" data-e-type=\"section\">\n\t\t\t\t\t\t<div class=\"elementor-container elementor-column-gap-default\">\n\t\t\t\t\t<div class=\"elementor-column elementor-col-100 elementor-top-column elementor-element elementor-element-42ca3f2\" data-id=\"42ca3f2\" data-element_type=\"column\" data-e-type=\"column\">\n\t\t\t<div class=\"elementor-widget-wrap\">\n\t\t\t\t\t\t\t<\/div>\n\t\t<\/div>\n\t\t\t\t\t<\/div>\n\t\t<\/section>\n\t\t\t\t<section class=\"elementor-section elementor-top-section elementor-element elementor-element-b5e8e99 elementor-section-boxed elementor-section-height-default elementor-section-height-default\" data-id=\"b5e8e99\" data-element_type=\"section\" data-e-type=\"section\">\n\t\t\t\t\t\t<div class=\"elementor-container elementor-column-gap-default\">\n\t\t\t\t\t<div class=\"elementor-column elementor-col-100 elementor-top-column elementor-element elementor-element-d63c3a4\" data-id=\"d63c3a4\" data-element_type=\"column\" data-e-type=\"column\">\n\t\t\t<div class=\"elementor-widget-wrap elementor-element-populated\">\n\t\t\t\t\t\t<div class=\"elementor-element elementor-element-19be34f elementor-widget elementor-widget-spacer\" data-id=\"19be34f\" data-element_type=\"widget\" data-e-type=\"widget\" data-widget_type=\"spacer.default\">\n\t\t\t\t<div class=\"elementor-widget-container\">\n\t\t\t\t\t\t\t<div class=\"elementor-spacer\">\n\t\t\t<div class=\"elementor-spacer-inner\"><\/div>\n\t\t<\/div>\n\t\t\t\t\t\t<\/div>\n\t\t\t\t<\/div>\n\t\t\t\t\t<\/div>\n\t\t<\/div>\n\t\t\t\t\t<\/div>\n\t\t<\/section>\n\t\t\t\t<section class=\"elementor-section elementor-top-section elementor-element elementor-element-d711323 elementor-section-boxed elementor-section-height-default elementor-section-height-default\" data-id=\"d711323\" data-element_type=\"section\" data-e-type=\"section\">\n\t\t\t\t\t\t<div class=\"elementor-container elementor-column-gap-default\">\n\t\t\t\t\t<div class=\"elementor-column elementor-col-100 elementor-top-column elementor-element elementor-element-145763b\" data-id=\"145763b\" data-element_type=\"column\" data-e-type=\"column\">\n\t\t\t<div class=\"elementor-widget-wrap elementor-element-populated\">\n\t\t\t\t\t\t<div class=\"elementor-element elementor-element-6a6360c elementor-align-center elementor-widget elementor-widget-button\" data-id=\"6a6360c\" data-element_type=\"widget\" data-e-type=\"widget\" data-widget_type=\"button.default\">\n\t\t\t\t<div class=\"elementor-widget-container\">\n\t\t\t\t\t\t\t\t\t<div class=\"elementor-button-wrapper\">\n\t\t\t\t\t<a class=\"elementor-button elementor-button-link elementor-size-sm\" href=\"http:\/\/k1.arminia-strassburg.de\/?page_id=16(\u00f6ffnet%20in%20neuem%20Tab)\" id=\"impressumbutton\">\n\t\t\t\t\t\t<span class=\"elementor-button-content-wrapper\">\n\t\t\t\t\t\t<span class=\"elementor-button-icon\">\n\t\t\t\t<i aria-hidden=\"true\" class=\"fas fa-landmark\"><\/i>\t\t\t<\/span>\n\t\t\t\t\t\t\t\t\t<span class=\"elementor-button-text\">Impressum<\/span>\n\t\t\t\t\t<\/span>\n\t\t\t\t\t<\/a>\n\t\t\t\t<\/div>\n\t\t\t\t\t\t\t\t<\/div>\n\t\t\t\t<\/div>\n\t\t\t\t\t<\/div>\n\t\t<\/div>\n\t\t\t\t\t<\/div>\n\t\t<\/section>\n\t\t\t\t<\/div>\n\t\t","protected":false},"excerpt":{"rendered":"<p>Eine Studentenverbindung (auch Korporation) ist im deutschen Sprachraum ein Verein von Studenten und Alten Herren (Ausstudierte Mitglieder) an einem Hochschulort, der Brauchtum und gewachsene Tradition pflegt. Sie sind nicht mit den amerikanischen Fraternities zu verwechseln, die wir aus Filmen kennen. International bestehen heute \u00fcber 1600 Studentenverbindungen nach dem typisch deutschen Ursprung. Sie sind in rund &hellip; <\/p>\n<p class=\"link-more\"><a href=\"http:\/\/k1.arminia-strassburg.de\/?page_id=406\" class=\"more-link\"><span class=\"screen-reader-text\">\u201eVerbindungen\u201c<\/span> weiterlesen<\/a><\/p>\n","protected":false},"author":1,"featured_media":0,"parent":11,"menu_order":0,"comment_status":"closed","ping_status":"closed","template":"","meta":{"footnotes":""},"class_list":["post-406","page","type-page","status-publish","hentry"],"_links":{"self":[{"href":"http:\/\/k1.arminia-strassburg.de\/index.php?rest_route=\/wp\/v2\/pages\/406","targetHints":{"allow":["GET"]}}],"collection":[{"href":"http:\/\/k1.arminia-strassburg.de\/index.php?rest_route=\/wp\/v2\/pages"}],"about":[{"href":"http:\/\/k1.arminia-strassburg.de\/index.php?rest_route=\/wp\/v2\/types\/page"}],"author":[{"embeddable":true,"href":"http:\/\/k1.arminia-strassburg.de\/index.php?rest_route=\/wp\/v2\/users\/1"}],"replies":[{"embeddable":true,"href":"http:\/\/k1.arminia-strassburg.de\/index.php?rest_route=%2Fwp%2Fv2%2Fcomments&post=406"}],"version-history":[{"count":23,"href":"http:\/\/k1.arminia-strassburg.de\/index.php?rest_route=\/wp\/v2\/pages\/406\/revisions"}],"predecessor-version":[{"id":1403,"href":"http:\/\/k1.arminia-strassburg.de\/index.php?rest_route=\/wp\/v2\/pages\/406\/revisions\/1403"}],"up":[{"embeddable":true,"href":"http:\/\/k1.arminia-strassburg.de\/index.php?rest_route=\/wp\/v2\/pages\/11"}],"wp:attachment":[{"href":"http:\/\/k1.arminia-strassburg.de\/index.php?rest_route=%2Fwp%2Fv2%2Fmedia&parent=406"}],"curies":[{"name":"wp","href":"https:\/\/api.w.org\/{rel}","templated":true}]}}