{"id":16,"date":"2020-09-12T17:57:21","date_gmt":"2020-09-12T17:57:21","guid":{"rendered":"http:\/\/k1.arminia-strassburg.de\/?page_id=16"},"modified":"2024-07-31T10:53:38","modified_gmt":"2024-07-31T10:53:38","slug":"impressum","status":"publish","type":"page","link":"http:\/\/k1.arminia-strassburg.de\/?page_id=16","title":{"rendered":"Impressum"},"content":{"rendered":"\t\t<div data-elementor-type=\"wp-page\" data-elementor-id=\"16\" class=\"elementor elementor-16\" data-elementor-post-type=\"page\">\n\t\t\t\t\t\t<section class=\"elementor-section elementor-top-section elementor-element elementor-element-636433cd elementor-section-boxed elementor-section-height-default elementor-section-height-default\" data-id=\"636433cd\" data-element_type=\"section\" data-e-type=\"section\">\n\t\t\t\t\t\t<div class=\"elementor-container elementor-column-gap-default\">\n\t\t\t\t\t<div class=\"elementor-column elementor-col-100 elementor-top-column elementor-element elementor-element-223617c8\" data-id=\"223617c8\" data-element_type=\"column\" data-e-type=\"column\">\n\t\t\t<div class=\"elementor-widget-wrap elementor-element-populated\">\n\t\t\t\t\t\t<div class=\"elementor-element elementor-element-4591d120 elementor-widget elementor-widget-text-editor\" data-id=\"4591d120\" data-element_type=\"widget\" data-e-type=\"widget\" data-widget_type=\"text-editor.default\">\n\t\t\t\t<div class=\"elementor-widget-container\">\n\t\t\t\t\t\t\t\t\t<p><\/p>\n<p>1. Name und Kontaktdaten des f\u00fcr die Verarbeitung personenbezogener Daten Verantwortlichen&nbsp;<\/p>\n<p>Diese Datenschutz-Information gilt f\u00fcr die Datenverarbeitung durch:<\/p>\n<p>Verantwortlicher:<\/p>\n<p>Stra\u00dfburger Burschenschaft Arminia zu T\u00fcbingen<br>Vertreten durch: Steffen Strobel<br>Telefon: 07071 &#8211; 24677<br>E-Mail: arminia.strassburg@gmail.com<\/p>\n<p>2. Erhebung und Speicherung personenbezogener Daten sowie Art und Zweck von deren Verwendung<\/p>\n<ol type=\"a\">\n<li>\n<p>Beim Besuch der Website<\/p>\n<\/li>\n<\/ol>\n<p>Beim Aufrufen unserer Website&nbsp;<a href=\"http:\/\/www.arminia-strassburg.de\/\" style=\"background-color: rgb(255, 255, 255); font-size: 1rem;\">http:\/\/www.arminia-strassburg.de\/<\/a><span style=\"font-size: 1rem;\">&nbsp;werden durch den von Ihnen eingesetzten Browser automatisch Informationen an den Server unserer Website gesendet. Diese Daten werden automatisch durch den Provider der Website in einem sog. Logfile gespeichert. Folgende Daten werden ohne Ihr Zutun erfasst und bis zu deren automatischer L\u00f6schung gespeichert:<\/span><\/p>\n<ol type=\"a\">\n<li style=\"list-style-type: none;\">\n<ul>\n<li>\n<p>IP-Adresse des anfragenden Rechners,<\/p>\n<\/li>\n<li>\n<p>Datum und Uhrzeit des Zugriffs,<\/p>\n<\/li>\n<li>\n<p>Name und URL der abgerufenen Datei,<\/p>\n<\/li>\n<li>\n<p>Website, von der aus der Zugriff erfolgt (Referrer-URL),<\/p>\n<\/li>\n<li>\n<p>verwendeter Browser und ggf. das Betriebssystem Ihres Rechners sowie der Name Ihres Access-Providers.<\/p>\n<\/li>\n<\/ul>\n<\/li>\n<\/ol>\n<p>Die Verarbeitung der oben genannten Daten erfolgt durch uns zu folgenden Zwecken:<\/p>\n<ol type=\"a\">\n<li style=\"list-style-type: none;\">\n<ul>\n<li>\n<p>Gew\u00e4hrleistung eines reibungslosen Verbindungsaufbaus der Website,<\/p>\n<\/li>\n<li>\n<p>Gew\u00e4hrleistung einer komfortablen Nutzung unserer Website,<\/p>\n<\/li>\n<li>\n<p>Auswertung des Systemsicherheit und \u2013stabilit\u00e4t sowie<\/p>\n<\/li>\n<li>\n<p>zu weiteren administrativen Zwecken.<\/p>\n<\/li>\n<\/ul>\n<\/li>\n<\/ol>\n<p>Die Datenverarbeitung beruht auf Art. 6 Abs. 1 S. 1 lit. f DSGVO. Unser berechtigtes Interesse folgt aus den oben aufgef\u00fchrten Zwecken. In keinem Fall verwenden wir die erhobenen Daten, um R\u00fcckschl\u00fcsse auf Ihre Person zu ziehen. Beim Besuch unserer Website setzen wir Cookies sowie Analysedienste ein. Unter Ziff. 4 und 5 dieser Datenschutzerkl\u00e4rung erhalten Sie hierzu n\u00e4here Erl\u00e4uterungen.<\/p>\n<p>3. Weitergabe von Daten<\/p>\n<p>Ihre pers\u00f6nlichen Daten werden ausschlie\u00dflich zu den im Folgenden aufgef\u00fchrten Zwecken \u00fcbermittelt. Eine dar\u00fcber hinausgehende \u00dcbermittlung findet nicht statt.<\/p>\n<p>Eine Weitergabe Ihrer pers\u00f6nlichen Daten findet nur statt, wenn:<\/p>\n<p>Sie Ihre nach Art. 6 Abs. 1 S. 1 lit. a DSGVO ausdr\u00fcckliche Einwilligung erteilt haben die Weitergabe nach Art. 6 Abs. 1 S. 1 lit. f DSGVO zur Geltendmachung, Aus\u00fcbung oder Verteidigung von Rechtsanspr\u00fcchen erforderlich ist und kein Grund zur Annahme besteht, dass Sie ein \u00fcberwiegendes schutzw\u00fcrdiges Interesse an der Nichtweitergabe Ihrer Daten haben, f\u00fcr den Fall, dass f\u00fcr die Weitergabe nach Art. 6 Abs. 1 S. 1 lit. c DSGVO eine gesetzliche Verpflichtung besteht, sowie dies gesetzlich zul\u00e4ssig und nach Art. 6 Abs. 1 S. 1 lit. b DSGVO f\u00fcr die Abwicklung von Vertragsverh\u00e4ltnissen mit Ihnen erforderlich ist.<\/p>\n<p>4. Cookies<\/p>\n<p>Wir setzen auf unserer Website Cookies ein. Cookies sind kleine Textdateien, die Ihr Browser automatisch beim Besuch unserer Website erstellt und welche auf Ihrem Endger\u00e4t, bspw. Laptop, Tablet, Smartphone o.\u00e4. gespeichert werden. Cookies richten auf dem von Ihnen verwendeten Endger\u00e4t keinen Schaden an und enthalten keine Viren, Trojaner oder \u00e4hnliche Schadsoftware. In dem Cookie werden Informationen abgelegt, die sich jeweils im Zusammenhang mit dem jeweils eingesetzten Endger\u00e4t ergeben. Wir erhalten hierdurch jedoch nicht unmittelbar Kenntnis von Ihrer Identit\u00e4t. Durch den Einsatz von Cookies wird die Nutzung unseres Angebots f\u00fcr Sie angenehmer gestaltet. Durch Verwenden von sog. Session-Cookies k\u00f6nnen wir erkennen, welche einzelnen Seiten unserer Website Sie bereits besucht haben. Diese werden nach Verlassen unserer Website automatisch gel\u00f6scht. Dar\u00fcber hinaus setzen wir tempor\u00e4re Cookies ein, um die Benutzerfreundlichkeit zu optimieren. Diese werden auf Ihrem Endger\u00e4t f\u00fcr einen bestimmten festgelegten Zeitraum gespeichert. Wenn Sie unsere Website erneut besuchen, um unser Angebot zu nutzen, wird automatisch erkannt, dass Sie unsere Website bereits zuvor besucht haben und welche Eingaben und Einstellungen Sie get\u00e4tigt haben, um diese nicht erneut eingeben zu m\u00fcssen. Des Weiteren setzen wir zur statistischen Erfassung unserer Website Cookies ein, ebenso, um unser Angebot zu optimieren und f\u00fcr Sie auszuwerten (s. Ziff. 5). Anhand dieser Cookies k\u00f6nnen wir bei einem erneuten Besuch automatisch feststellen, dass Sie bereits zuvor unsere Website besucht haben. Nach einer jeweils definierten Frist werden diese Cookies automatisch gel\u00f6scht.<\/p>\n<p>Die durch Cookies verarbeiteten Daten sind f\u00fcr die genannten Zwecke zur Wahrung unserer berechtigten Interessen sowie der berechtigten Interessen Dritter nach Art. 6 Abs. 1 S. 1 lit. f DSGVO erforderlich. Die meisten Browser akzeptieren Cookies automatisch. Sie k\u00f6nnen Ihren Browser jedoch so einstellen, dass Sie Cookies nur im Einzelfall erlauben, die Annahme von Cookies f\u00fcr bestimmte F\u00e4lle oder generell ausschlie\u00dfen sowie das automatische L\u00f6schen der Cookies beim Schlie\u00dfen des Browsers aktivieren. Bei der Deaktivierung von Cookies kann die Funktionalit\u00e4t unserer Website eingeschr\u00e4nkt sein.<\/p>\n<p>5. Externe Links<\/p>\n<ol type=\"a\">\n<li>\n<p>Google Maps<\/p>\n<\/li>\n<\/ol>\n<p>Wir verwenden auf unserer Website Google Maps, den Online-Kartendienst von Google LLC (https:\/\/www.google.de\/intl\/de\/about\/), (1600 Amphitheatre Parkway, Mountain View, CA 94043, USA; im Folgenden \u201eGoogle\u201c). Durch Anklicken der blauen Nadel auf der angezeigten Karte k\u00f6nnen Sie die Routenplanungsfunktion ausw\u00e4hlen. Wenn Sie diese anklicken, werden Sie auf die Seite von Google Maps weitergeleitet. Auf die dort dargestellten Inhalte und die Nutzung Ihrer Daten auf Google Maps k\u00f6nnen wir keinen Einfluss nehmen. Es gelten die Datenschutzhinweise und Nutzungsbedingungen der Google LLC, abrufbar unter https:\/\/policies.google.com\/privacy?hl=de.<\/p>\n<ol start=\"2\" type=\"a\">\n<li>\n<p>Link zu sozialen Netzwerken<\/p>\n<\/li>\n<\/ol>\n<p>Auf unserer Website verwenden Links zu sozialen Netzwerken. Durch das Anklicken der jeweiligen Links verlassen Sie unsere Website und werden auf die Website des jeweiligen sozialen Netzwerks weitergeleitet. Auf die Inhalte und Gestaltung dieser Websites sowie deren Datenschutzbestimmungen k\u00f6nnen wir keinen Einfluss nehmen. Ihre Einstellungsm\u00f6glichkeiten und Rechte zum Schutz Ihrer Privatsph\u00e4re sowie den Zweck und den Umfang und die weitere Verarbeitung und Nutzung der Daten durch das jeweilige soziale Netzwerk entnehmen Sie bitte den dortigen Datenschutzhinweisen.<\/p>\n<p>6. Betroffenenrechte<\/p>\n<p>Sie haben das Recht:<\/p>\n<ul>\n<li>\n<p>gem\u00e4\u00df Art. 15 DSGVO Auskunft \u00fcber Ihre von uns verarbeiteten personenbezogenen Daten zu verlangen, insbesondere \u00fcber die Verarbeitungszwecke, Kategorien der personenbezogenen Daten, Kategorien von Empf\u00e4ngern, gegen\u00fcber denen Ihre Daten offengelegt werden und wurden, die geplante Speicherdauer, das Bestehen eines Rechts auf Berichtigung, L\u00f6schung, Einschr\u00e4nkung der Verarbeitung oder Widerspruch, das Bestehen eines Beschwerderechts, die Herkunft Ihrer Daten, sofern diese nicht bei uns erhoben wurden, sowie \u00fcber das Bestehen einer automatisierten Entscheidungsfindung einschlie\u00dflich Profiling und ggf. aussagekr\u00e4ftigen Informationen zu deren Einzelheiten verlangen;<\/p>\n<\/li>\n<li>\n<p>gem\u00e4\u00df Art. 16 DSGVO unverz\u00fcglich die Berichtigung unrichtiger oder Vervollst\u00e4ndigung Ihrer bei uns gespeicherten personenbezogenen Daten zu verlangen;<\/p>\n<\/li>\n<li>\n<p>gem\u00e4\u00df Art. 17 DSGVO die L\u00f6schung Ihrer bei uns gespeicherten personenbezogenen Daten zu verlangen, soweit nicht die Verarbeitung zur Aus\u00fcbung des Rechts auf freie Meinungs\u00e4u\u00dferung und Information, zur Erf\u00fcllung einer rechtsstaatlichen Verpflichtung, aus Gr\u00fcnden des \u00f6ffentlichen Interesses oder zur Geltendmachung, Aus\u00fcbung oder Verteidigung von Rechtsanspr\u00fcchen erforderlich ist;<\/p>\n<\/li>\n<li>\n<p>gem\u00e4\u00df Art. 18 DSGVO die Einschr\u00e4nkung der Verarbeitung Ihrer personenbezogenen Daten zu verlangen, soweit die Richtigkeit der Daten von Ihnen bestritten wird, die Verarbeitung unrechtm\u00e4\u00dfig ist, Sie aber deren L\u00f6schung ablehnen und wir die Daten nicht mehr ben\u00f6tigen, Sie jedoch diese zur Geltendmachung, Aus\u00fcbung oder Verteidigung von Rechtsanspr\u00fcchen ben\u00f6tigen oder Sie gem\u00e4\u00df Art. 21 DSGVO Widerspruch gegen die Verarbeitung eingelegt haben;<\/p>\n<\/li>\n<li>\n<p>gem\u00e4\u00df Art. 20 DSGVO Ihre personenbezogenen Daten, die Sie uns bereitgestellt haben, in einem strukturierten, g\u00e4ngigen und maschinenlesbaren Format zu erhalten oder die \u00dcbermittlung an einen anderen Verantwortlichen zu verlangen;<\/p>\n<\/li>\n<li>\n<p>gem\u00e4\u00df Art. 7 Abs. 3 DSGVO Ihre einmal erteilte Einwilligung jederzeit gegen\u00fcber uns zu widerrufen. Dies hat zur Folge, dass wir die Datenverarbeitung, die auf dieser Einwilligung beruhte, f\u00fcr die Zukunft nicht mehr fortf\u00fchren d\u00fcrfen und<\/p>\n<\/li>\n<li>\n<p>gem\u00e4\u00df Art. 77 DSGVO sich bei einer Aufsichtsbeh\u00f6rde zu beschweren. In der Regel k\u00f6nnen Sie sich hierf\u00fcr an die Aufsichtsbeh\u00f6rde Ihres \u00fcblichen Aufenthaltsortes oder Arbeitsplatzes oder unseres Unternehmenssitzes wenden.<\/p>\n<\/li>\n<\/ul>\n<p>7. Widerspruchsrecht<\/p>\n<p>Im Falle der Verarbeitung Ihrer personenbezogenen Daten aufgrund berechtigter Interessen gem\u00e4\u00df Art. 6 Abs. 1 S. 1 lit. f DSGVO haben Sie das Recht, gem\u00e4\u00df Art. 21 DSGVO Widerspruch gegen die Verarbeitung Ihrer personenbezogenen Daten einzulegen. Sie k\u00f6nnen der Verarbeitung widersprechen, sofern daf\u00fcr Gr\u00fcnde vorliegen, die sich aus Ihrer besonderen Situation ergeben oder sich der Widerspruch gegen Direktwerbung richtet. Im letzten Fall haben Sie ein generelles Widerspruchsrecht, das ohne Angabe einer besonderen Situation von uns umgesetzt wird. M\u00f6chten Sie von Ihrem Widerrufs- oder Widerspruchsrecht Gebrauch machen, gen\u00fcgt eine E-Mail an arminia.strassburg@gmail.com.<\/p>\n<p>8. Datensicherheit<\/p>\n<p>Wir verwenden innerhalb des Website-Besuchs das verbreitete SSL-Verfahren (Secure Socket Layer) in Verbindung mit der jeweils h\u00f6chsten Verschl\u00fcsselungsstufe, die von Ihrem Browser unterst\u00fctzt wird. Regelm\u00e4\u00dfig handelt es sich um eine 256-Bit Verschl\u00fcsselung. Falls Ihr Browser keine 256-Bit-Verschl\u00fcsselung unterst\u00fctzt, greifen wir stattdessen auf 128-Bit v3 Technologie zur\u00fcck. Ob eine einzelne Seite unseres Internetauftritts verschl\u00fcsselt \u00fcbertragen wird, erkennen Sie an der geschlossenen Darstellung des Schl\u00fcssel- bzw. Schlosssymbols in der unteren Statusleiste Ihres Browsers. Im \u00dcbrigen nutzen wir geeignete technische und organisatorische Ma\u00dfnahmen, um Ihre personenbezogenen Daten gegen zuf\u00e4llig oder vors\u00e4tzliche Manipulationen, teilweisen oder vollst\u00e4ndigen Verlust, Zerst\u00f6rung oder gegen unbefugten Zugriff Dritter zu sch\u00fctzen. Unsere Sicherheitsma\u00dfnahmen werden entsprechend der technologischen Entwicklung fortlaufen verbessert.<\/p>\n<p>9. Aktualit\u00e4t und \u00c4nderung dieser Datenschutzerkl\u00e4rung<\/p>\n<p>Diese Datenschutzerkl\u00e4rung ist aktuell g\u00fcltig und hat den Stand September 2020. Die Ver\u00e4nderung gesetzlicher bzw. beh\u00f6rdlicher Vorgaben sowie die Weiterentwicklung unserer Homepage kann es notwendig machen, dass diese Datenschutzerkl\u00e4rung ge\u00e4ndert wird. Die jeweils aktuell g\u00fcltige Fassung unserer Datenschutzerkl\u00e4rung kann jederzeit auf unserer Website unter&nbsp;<a href=\"http:\/\/www.arminia-strassburg.de\/\">http:\/\/www.arminia-strassburg.de\/<\/a>&nbsp;von Ihnen abgerufen und ausgedruckt werden.<\/p>\n<p><a style=\"color: #00a0d2; transition-property: border, background, color; transition-duration: 0.05s; transition-timing-function: ease-in-out; outline: 0px; overflow-wrap: break-word; display: block; box-sizing: inherit; font-family: -apple-system, BlinkMacSystemFont, 'Segoe UI', Roboto, Oxygen-Sans, Ubuntu, Cantarell, 'Helvetica Neue', sans-serif; font-size: 13px; background-color: #ffffff;\" href=\"http:\/\/k1.arminia-strassburg.de\/?page_id=16\" target=\"_blank\" rel=\"external noreferrer noopener\"><span style=\"border: 0px; clip: rect(1px, 1px, 1px, 1px); clip-path: inset(50%); height: 1px; margin: -1px; overflow: hidden; padding: 0px; position: absolute; width: 1px; overflow-wrap: normal !important; box-sizing: inherit;\">(\u00f6ffnet in neuem Tab)<\/span><\/a><\/p>\n<p><\/p>\t\t\t\t\t\t\t\t<\/div>\n\t\t\t\t<\/div>\n\t\t\t\t\t<\/div>\n\t\t<\/div>\n\t\t\t\t\t<\/div>\n\t\t<\/section>\n\t\t\t\t<\/div>\n\t\t","protected":false},"excerpt":{"rendered":"<p>1. Name und Kontaktdaten des f\u00fcr die Verarbeitung personenbezogener Daten Verantwortlichen&nbsp; Diese Datenschutz-Information gilt f\u00fcr die Datenverarbeitung durch: Verantwortlicher: Stra\u00dfburger Burschenschaft Arminia zu T\u00fcbingenVertreten durch: Steffen StrobelTelefon: 07071 &#8211; 24677E-Mail: arminia.strassburg@gmail.com 2. Erhebung und Speicherung personenbezogener Daten sowie Art und Zweck von deren Verwendung Beim Besuch der Website Beim Aufrufen unserer Website&nbsp;http:\/\/www.arminia-strassburg.de\/&nbsp;werden durch den von &hellip; <\/p>\n<p class=\"link-more\"><a href=\"http:\/\/k1.arminia-strassburg.de\/?page_id=16\" class=\"more-link\"><span class=\"screen-reader-text\">\u201eImpressum\u201c<\/span> weiterlesen<\/a><\/p>\n","protected":false},"author":1,"featured_media":0,"parent":0,"menu_order":0,"comment_status":"closed","ping_status":"closed","template":"","meta":{"footnotes":""},"class_list":["post-16","page","type-page","status-publish","hentry"],"_links":{"self":[{"href":"http:\/\/k1.arminia-strassburg.de\/index.php?rest_route=\/wp\/v2\/pages\/16","targetHints":{"allow":["GET"]}}],"collection":[{"href":"http:\/\/k1.arminia-strassburg.de\/index.php?rest_route=\/wp\/v2\/pages"}],"about":[{"href":"http:\/\/k1.arminia-strassburg.de\/index.php?rest_route=\/wp\/v2\/types\/page"}],"author":[{"embeddable":true,"href":"http:\/\/k1.arminia-strassburg.de\/index.php?rest_route=\/wp\/v2\/users\/1"}],"replies":[{"embeddable":true,"href":"http:\/\/k1.arminia-strassburg.de\/index.php?rest_route=%2Fwp%2Fv2%2Fcomments&post=16"}],"version-history":[{"count":20,"href":"http:\/\/k1.arminia-strassburg.de\/index.php?rest_route=\/wp\/v2\/pages\/16\/revisions"}],"predecessor-version":[{"id":1543,"href":"http:\/\/k1.arminia-strassburg.de\/index.php?rest_route=\/wp\/v2\/pages\/16\/revisions\/1543"}],"wp:attachment":[{"href":"http:\/\/k1.arminia-strassburg.de\/index.php?rest_route=%2Fwp%2Fv2%2Fmedia&parent=16"}],"curies":[{"name":"wp","href":"https:\/\/api.w.org\/{rel}","templated":true}]}}