{"id":133,"date":"2020-03-30T07:31:35","date_gmt":"2020-03-30T07:31:35","guid":{"rendered":"http:\/\/k1.arminia-strassburg.de\/?page_id=133"},"modified":"2020-10-15T10:50:56","modified_gmt":"2020-10-15T10:50:56","slug":"freundschaftsverhaeltnisse","status":"publish","type":"page","link":"http:\/\/k1.arminia-strassburg.de\/?page_id=133","title":{"rendered":"Freundschaftsverh\u00e4ltnisse"},"content":{"rendered":"\t\t<div data-elementor-type=\"wp-page\" data-elementor-id=\"133\" class=\"elementor elementor-133\" data-elementor-post-type=\"page\">\n\t\t\t\t\t\t<section class=\"elementor-section elementor-top-section elementor-element elementor-element-8eb4ed0 elementor-section-boxed elementor-section-height-default elementor-section-height-default\" data-id=\"8eb4ed0\" data-element_type=\"section\" data-e-type=\"section\">\n\t\t\t\t\t\t<div class=\"elementor-container elementor-column-gap-default\">\n\t\t\t\t\t<div class=\"elementor-column elementor-col-100 elementor-top-column elementor-element elementor-element-6993694\" data-id=\"6993694\" data-element_type=\"column\" data-e-type=\"column\">\n\t\t\t<div class=\"elementor-widget-wrap elementor-element-populated\">\n\t\t\t\t\t\t<div class=\"elementor-element elementor-element-f903ba3 elementor-absolute elementor-widget elementor-widget-heading\" data-id=\"f903ba3\" data-element_type=\"widget\" data-e-type=\"widget\" data-settings=\"{&quot;_position&quot;:&quot;absolute&quot;}\" data-widget_type=\"heading.default\">\n\t\t\t\t<div class=\"elementor-widget-container\">\n\t\t\t\t\t<h1 class=\"elementor-heading-title elementor-size-default\">Freundschaftsverh\u00e4ltnisse<\/h1>\t\t\t\t<\/div>\n\t\t\t\t<\/div>\n\t\t\t\t\t<\/div>\n\t\t<\/div>\n\t\t\t\t\t<\/div>\n\t\t<\/section>\n\t\t\t\t<section class=\"elementor-section elementor-top-section elementor-element elementor-element-7883e27 elementor-section-boxed elementor-section-height-default elementor-section-height-default\" data-id=\"7883e27\" data-element_type=\"section\" data-e-type=\"section\">\n\t\t\t\t\t\t<div class=\"elementor-container elementor-column-gap-default\">\n\t\t\t\t\t<div class=\"elementor-column elementor-col-100 elementor-top-column elementor-element elementor-element-e5239fc\" data-id=\"e5239fc\" data-element_type=\"column\" data-e-type=\"column\">\n\t\t\t<div class=\"elementor-widget-wrap elementor-element-populated\">\n\t\t\t\t\t\t<div class=\"elementor-element elementor-element-27b1797 elementor-widget elementor-widget-text-editor\" data-id=\"27b1797\" data-element_type=\"widget\" data-e-type=\"widget\" data-widget_type=\"text-editor.default\">\n\t\t\t\t<div class=\"elementor-widget-container\">\n\t\t\t\t\t\t\t\t\t<span style=\"font-size: 1rem;\">Du bist in einer Verbindung aktiv und m\u00f6chtest einen Trip in eine andere Universit\u00e4tsstadt in Deutschland, \u00d6sterreich oder sogar nach Chile machen? Kein Problem, f\u00fcr deine kostenlose Unterkunft ist schon gesorgt. In fast allen Hochschulorten Deutschlands gibt es Verbindungen, die sich auf einen studentischen Austausch freuen.<\/span>\n\n<span style=\"font-size: 1rem;\">Dabei entstehen nicht selten lebenslange und auch internationale Freundschaften.<\/span>\n\n<span style=\"font-size: 1rem;\">Wir Arminen pflegen Beziehungen in aller Welt. Dar\u00fcber hinaus haben wir auch offizielle Freundschaftsverh\u00e4ltnisse:\u00a0<\/span>\t\t\t\t\t\t\t\t<\/div>\n\t\t\t\t<\/div>\n\t\t\t\t\t<\/div>\n\t\t<\/div>\n\t\t\t\t\t<\/div>\n\t\t<\/section>\n\t\t\t\t<section class=\"elementor-section elementor-top-section elementor-element elementor-element-0ddeb2a elementor-section-boxed elementor-section-height-default elementor-section-height-default\" data-id=\"0ddeb2a\" data-element_type=\"section\" data-e-type=\"section\">\n\t\t\t\t\t\t<div class=\"elementor-container elementor-column-gap-default\">\n\t\t\t\t\t<div class=\"elementor-column elementor-col-100 elementor-top-column elementor-element elementor-element-28a94b8\" data-id=\"28a94b8\" data-element_type=\"column\" data-e-type=\"column\">\n\t\t\t<div class=\"elementor-widget-wrap elementor-element-populated\">\n\t\t\t\t\t\t<div class=\"elementor-element elementor-element-eabb919 elementor-widget elementor-widget-text-editor\" data-id=\"eabb919\" data-element_type=\"widget\" data-e-type=\"widget\" data-widget_type=\"text-editor.default\">\n\t\t\t\t<div class=\"elementor-widget-container\">\n\t\t\t\t\t\t\t\t\t<span style=\"font-size: 1rem;\"> Mit der <a href=\"http:\/\/www.holzminda.de\/neu\/willkommen.html\" target=\"_blank\" rel=\"noopener\"><b><span style=\"color: #000000;\">Burschenschaft Holzminda G\u00f6ttingen<\/span><\/b><\/a>\u00a0schlossen wir am 05.07. 1982 ein Freundschaftsabkommen. Wir sehen die Mitglieder der Holzminda als Bundesbr\u00fcder an und bem\u00fchen uns um gegenseitige Besuche. Die Unterst\u00fctzung in der burschenschaftlichen Arbeit steht hierbei ebenfalls, wie die Freundschaft, im Vordergrund.\u00a0<span style=\"font-size: 1rem;\">Durch gemeinsame Veranstaltungen, wie Kneipen, Ausfl\u00fcge oder Wanderungen haben unsere Studenten immer wieder die M\u00f6glichkeit, die wundersch\u00f6ne Universit\u00e4tsstadt G\u00f6ttingen und seine Umgebung zu erleben.\u00a0<\/span><\/span>\t\t\t\t\t\t\t\t<\/div>\n\t\t\t\t<\/div>\n\t\t\t\t\t<\/div>\n\t\t<\/div>\n\t\t\t\t\t<\/div>\n\t\t<\/section>\n\t\t\t\t<section class=\"elementor-section elementor-top-section elementor-element elementor-element-7a7212d elementor-section-boxed elementor-section-height-default elementor-section-height-default\" data-id=\"7a7212d\" data-element_type=\"section\" data-e-type=\"section\">\n\t\t\t\t\t\t<div class=\"elementor-container elementor-column-gap-default\">\n\t\t\t\t\t<div class=\"elementor-column elementor-col-100 elementor-top-column elementor-element elementor-element-64389e1\" data-id=\"64389e1\" data-element_type=\"column\" data-e-type=\"column\">\n\t\t\t<div class=\"elementor-widget-wrap elementor-element-populated\">\n\t\t\t\t\t\t<div class=\"elementor-element elementor-element-8b77b72 elementor-widget elementor-widget-text-editor\" data-id=\"8b77b72\" data-element_type=\"widget\" data-e-type=\"widget\" data-widget_type=\"text-editor.default\">\n\t\t\t\t<div class=\"elementor-widget-container\">\n\t\t\t\t\t\t\t\t\t<span style=\"font-size: 1rem;\"> Das<strong> <a href=\"https:\/\/de.wikipedia.org\/wiki\/Kartell_Roter_Burschenschaften\" target=\"_blank\" rel=\"noopener\"><span style=\"color: #000000;\">Kartell Roter Burschenschaften<\/span><\/a><\/strong>, oder auch kurz KRB genannt, ist ein loser Zusammenschluss zwischen vier Burschenschaften der ehemaligen Roten Richtung, die sich den Austausch der Burschenschaftlichen Arbeit zum Ziel gesetzt haben. Das Kartell ist nicht an einen Dachverband gebunden. Es hat die gemeinsame Kontaktaufnahme und die Freundschaft in andere Universit\u00e4ts-St\u00e4dte zum Ziel. W\u00e4hrend des Treffens, einmal im Semester, werden Seminare, Vortr\u00e4ge, Besichtigungen und vieles mehr angeboten.\u00a0<span style=\"font-size: 1rem;\">Die Bezeichnung &#8222;Rot&#8220; ist nicht politisch motiviert, sondern kommt von der Roten Richtung. Eine Bewegung liberaler Burschenschaften, welche bei Ihrer Gr\u00fcndung M\u00fctzen in der Farbe Rot trugen.\u00a0<\/span>\t\t\t\t\t\t\t\t<\/div>\n\t\t\t\t<\/div>\n\t\t\t\t\t<\/div>\n\t\t<\/div>\n\t\t\t\t\t<\/div>\n\t\t<\/section>\n\t\t\t\t<section class=\"elementor-section elementor-top-section elementor-element elementor-element-413db3d elementor-section-boxed elementor-section-height-default elementor-section-height-default\" data-id=\"413db3d\" data-element_type=\"section\" data-e-type=\"section\">\n\t\t\t\t\t\t<div class=\"elementor-container elementor-column-gap-default\">\n\t\t\t\t\t<div class=\"elementor-column elementor-col-100 elementor-top-column elementor-element elementor-element-afc29e1\" data-id=\"afc29e1\" data-element_type=\"column\" data-e-type=\"column\">\n\t\t\t<div class=\"elementor-widget-wrap elementor-element-populated\">\n\t\t\t\t\t\t<div class=\"elementor-element elementor-element-95b0d8f elementor-widget elementor-widget-text-editor\" data-id=\"95b0d8f\" data-element_type=\"widget\" data-e-type=\"widget\" data-widget_type=\"text-editor.default\">\n\t\t\t\t<div class=\"elementor-widget-container\">\n\t\t\t\t\t\t\t\t\t<span style=\"font-size: 1rem;\"> Auch in Chile gibt es Burschenschaften mit deutscher Tradition. Zu den f\u00fcnf Verbindungen in Valparaiso, Concepci\u00f3n, Valdivia und Santiago de Chile haben wir einen engen Kontakt. Regelm\u00e4\u00dfig besuchen einzelne Bundesbr\u00fcder die Verbindungen in Chile. Auch wir d\u00fcrfen immer wieder Austauschstudenten des <a href=\"https:\/\/de.wikipedia.org\/wiki\/Bund_Chilenischer_Burschenschaften\" target=\"_blank\" rel=\"noopener\"><b>Bundes Chilenischer Burschenschaften<\/b><\/a> bei uns im Haus begr\u00fc\u00dfen. Es ist uns eine Freude, \u00fcber die Kontinente hinweg Kontakt zu halten.<\/span>\t\t\t\t\t\t\t\t<\/div>\n\t\t\t\t<\/div>\n\t\t\t\t\t<\/div>\n\t\t<\/div>\n\t\t\t\t\t<\/div>\n\t\t<\/section>\n\t\t\t\t<section class=\"elementor-section elementor-top-section elementor-element elementor-element-f8a28f2 elementor-section-boxed elementor-section-height-default elementor-section-height-default\" data-id=\"f8a28f2\" data-element_type=\"section\" data-e-type=\"section\">\n\t\t\t\t\t\t<div class=\"elementor-container elementor-column-gap-default\">\n\t\t\t\t\t<div class=\"elementor-column elementor-col-33 elementor-top-column elementor-element elementor-element-e61fb07\" data-id=\"e61fb07\" data-element_type=\"column\" data-e-type=\"column\">\n\t\t\t<div class=\"elementor-widget-wrap elementor-element-populated\">\n\t\t\t\t\t\t<div class=\"elementor-element elementor-element-9827ef3 elementor-widget elementor-widget-button\" data-id=\"9827ef3\" data-element_type=\"widget\" data-e-type=\"widget\" data-widget_type=\"button.default\">\n\t\t\t\t<div class=\"elementor-widget-container\">\n\t\t\t\t\t\t\t\t\t<div class=\"elementor-button-wrapper\">\n\t\t\t\t\t<a class=\"elementor-button elementor-button-link elementor-size-sm\" href=\"http:\/\/k1.arminia-strassburg.de\/?page_id=461\">\n\t\t\t\t\t\t<span class=\"elementor-button-content-wrapper\">\n\t\t\t\t\t\t\t\t\t<span class=\"elementor-button-text\">MEHR ZUR BURSCHENSCHAFT HOLZMINDA<\/span>\n\t\t\t\t\t<\/span>\n\t\t\t\t\t<\/a>\n\t\t\t\t<\/div>\n\t\t\t\t\t\t\t\t<\/div>\n\t\t\t\t<\/div>\n\t\t\t\t\t<\/div>\n\t\t<\/div>\n\t\t\t\t<div class=\"elementor-column elementor-col-33 elementor-top-column elementor-element elementor-element-6fa919c\" data-id=\"6fa919c\" data-element_type=\"column\" data-e-type=\"column\">\n\t\t\t<div class=\"elementor-widget-wrap elementor-element-populated\">\n\t\t\t\t\t\t<div class=\"elementor-element elementor-element-e3126c2 elementor-widget elementor-widget-button\" data-id=\"e3126c2\" data-element_type=\"widget\" data-e-type=\"widget\" data-widget_type=\"button.default\">\n\t\t\t\t<div class=\"elementor-widget-container\">\n\t\t\t\t\t\t\t\t\t<div class=\"elementor-button-wrapper\">\n\t\t\t\t\t<a class=\"elementor-button elementor-button-link elementor-size-sm\" href=\"http:\/\/k1.arminia-strassburg.de\/?page_id=465\">\n\t\t\t\t\t\t<span class=\"elementor-button-content-wrapper\">\n\t\t\t\t\t\t\t\t\t<span class=\"elementor-button-text\">MEHR ZUM KARTELL ROTER BURSCHENSCHAFTEN<\/span>\n\t\t\t\t\t<\/span>\n\t\t\t\t\t<\/a>\n\t\t\t\t<\/div>\n\t\t\t\t\t\t\t\t<\/div>\n\t\t\t\t<\/div>\n\t\t\t\t\t<\/div>\n\t\t<\/div>\n\t\t\t\t<div class=\"elementor-column elementor-col-33 elementor-top-column elementor-element elementor-element-6c613ce\" data-id=\"6c613ce\" data-element_type=\"column\" data-e-type=\"column\">\n\t\t\t<div class=\"elementor-widget-wrap elementor-element-populated\">\n\t\t\t\t\t\t<div class=\"elementor-element elementor-element-1171b6d elementor-widget elementor-widget-button\" data-id=\"1171b6d\" data-element_type=\"widget\" data-e-type=\"widget\" data-widget_type=\"button.default\">\n\t\t\t\t<div class=\"elementor-widget-container\">\n\t\t\t\t\t\t\t\t\t<div class=\"elementor-button-wrapper\">\n\t\t\t\t\t<a class=\"elementor-button elementor-button-link elementor-size-sm\" href=\"http:\/\/k1.arminia-strassburg.de\/?page_id=467\">\n\t\t\t\t\t\t<span class=\"elementor-button-content-wrapper\">\n\t\t\t\t\t\t\t\t\t<span class=\"elementor-button-text\">MEHR ZUR CHILENISCHEN FREUNDSCHAFT<\/span>\n\t\t\t\t\t<\/span>\n\t\t\t\t\t<\/a>\n\t\t\t\t<\/div>\n\t\t\t\t\t\t\t\t<\/div>\n\t\t\t\t<\/div>\n\t\t\t\t\t<\/div>\n\t\t<\/div>\n\t\t\t\t\t<\/div>\n\t\t<\/section>\n\t\t\t\t<section class=\"elementor-section elementor-top-section elementor-element elementor-element-5d4a846 elementor-section-boxed elementor-section-height-default elementor-section-height-default\" data-id=\"5d4a846\" data-element_type=\"section\" data-e-type=\"section\">\n\t\t\t\t\t\t<div class=\"elementor-container elementor-column-gap-default\">\n\t\t\t\t\t<div class=\"elementor-column elementor-col-100 elementor-top-column elementor-element elementor-element-215e20b\" data-id=\"215e20b\" data-element_type=\"column\" data-e-type=\"column\">\n\t\t\t<div class=\"elementor-widget-wrap elementor-element-populated\">\n\t\t\t\t\t\t<div class=\"elementor-element elementor-element-f4b36d1 elementor-widget elementor-widget-spacer\" data-id=\"f4b36d1\" data-element_type=\"widget\" data-e-type=\"widget\" data-widget_type=\"spacer.default\">\n\t\t\t\t<div class=\"elementor-widget-container\">\n\t\t\t\t\t\t\t<div class=\"elementor-spacer\">\n\t\t\t<div class=\"elementor-spacer-inner\"><\/div>\n\t\t<\/div>\n\t\t\t\t\t\t<\/div>\n\t\t\t\t<\/div>\n\t\t\t\t\t<\/div>\n\t\t<\/div>\n\t\t\t\t\t<\/div>\n\t\t<\/section>\n\t\t\t\t<section class=\"elementor-section elementor-top-section elementor-element elementor-element-d57e0e0 elementor-section-boxed elementor-section-height-default elementor-section-height-default\" data-id=\"d57e0e0\" data-element_type=\"section\" data-e-type=\"section\">\n\t\t\t\t\t\t<div class=\"elementor-container elementor-column-gap-default\">\n\t\t\t\t\t<div class=\"elementor-column elementor-col-100 elementor-top-column elementor-element elementor-element-04af9c4\" data-id=\"04af9c4\" data-element_type=\"column\" data-e-type=\"column\">\n\t\t\t<div class=\"elementor-widget-wrap elementor-element-populated\">\n\t\t\t\t\t\t<div class=\"elementor-element elementor-element-92c4e9c elementor-align-center elementor-widget elementor-widget-button\" data-id=\"92c4e9c\" data-element_type=\"widget\" data-e-type=\"widget\" data-widget_type=\"button.default\">\n\t\t\t\t<div class=\"elementor-widget-container\">\n\t\t\t\t\t\t\t\t\t<div class=\"elementor-button-wrapper\">\n\t\t\t\t\t<a class=\"elementor-button elementor-button-link elementor-size-sm\" href=\"http:\/\/k1.arminia-strassburg.de\/?page_id=16(\u00f6ffnet%20in%20neuem%20Tab)\" id=\"impressumbutton\">\n\t\t\t\t\t\t<span class=\"elementor-button-content-wrapper\">\n\t\t\t\t\t\t<span class=\"elementor-button-icon\">\n\t\t\t\t<i aria-hidden=\"true\" class=\"fas fa-landmark\"><\/i>\t\t\t<\/span>\n\t\t\t\t\t\t\t\t\t<span class=\"elementor-button-text\">Impressum<\/span>\n\t\t\t\t\t<\/span>\n\t\t\t\t\t<\/a>\n\t\t\t\t<\/div>\n\t\t\t\t\t\t\t\t<\/div>\n\t\t\t\t<\/div>\n\t\t\t\t\t<\/div>\n\t\t<\/div>\n\t\t\t\t\t<\/div>\n\t\t<\/section>\n\t\t\t\t<\/div>\n\t\t","protected":false},"excerpt":{"rendered":"<p>Freundschaftsverh\u00e4ltnisse Du bist in einer Verbindung aktiv und m\u00f6chtest einen Trip in eine andere Universit\u00e4tsstadt in Deutschland, \u00d6sterreich oder sogar nach Chile machen? Kein Problem, f\u00fcr deine kostenlose Unterkunft ist schon gesorgt. In fast allen Hochschulorten Deutschlands gibt es Verbindungen, die sich auf einen studentischen Austausch freuen. Dabei entstehen nicht selten lebenslange und auch internationale &hellip; <\/p>\n<p class=\"link-more\"><a href=\"http:\/\/k1.arminia-strassburg.de\/?page_id=133\" class=\"more-link\"><span class=\"screen-reader-text\">\u201eFreundschaftsverh\u00e4ltnisse\u201c<\/span> weiterlesen<\/a><\/p>\n","protected":false},"author":1,"featured_media":0,"parent":0,"menu_order":0,"comment_status":"closed","ping_status":"closed","template":"","meta":{"footnotes":""},"class_list":["post-133","page","type-page","status-publish","hentry"],"_links":{"self":[{"href":"http:\/\/k1.arminia-strassburg.de\/index.php?rest_route=\/wp\/v2\/pages\/133","targetHints":{"allow":["GET"]}}],"collection":[{"href":"http:\/\/k1.arminia-strassburg.de\/index.php?rest_route=\/wp\/v2\/pages"}],"about":[{"href":"http:\/\/k1.arminia-strassburg.de\/index.php?rest_route=\/wp\/v2\/types\/page"}],"author":[{"embeddable":true,"href":"http:\/\/k1.arminia-strassburg.de\/index.php?rest_route=\/wp\/v2\/users\/1"}],"replies":[{"embeddable":true,"href":"http:\/\/k1.arminia-strassburg.de\/index.php?rest_route=%2Fwp%2Fv2%2Fcomments&post=133"}],"version-history":[{"count":60,"href":"http:\/\/k1.arminia-strassburg.de\/index.php?rest_route=\/wp\/v2\/pages\/133\/revisions"}],"predecessor-version":[{"id":1432,"href":"http:\/\/k1.arminia-strassburg.de\/index.php?rest_route=\/wp\/v2\/pages\/133\/revisions\/1432"}],"wp:attachment":[{"href":"http:\/\/k1.arminia-strassburg.de\/index.php?rest_route=%2Fwp%2Fv2%2Fmedia&parent=133"}],"curies":[{"name":"wp","href":"https:\/\/api.w.org\/{rel}","templated":true}]}}